{"id":8406,"date":"2024-10-07T14:46:47","date_gmt":"2024-10-07T12:46:47","guid":{"rendered":"https:\/\/luteciamg.le-collectif-freelance.com\/nous-contacter\/"},"modified":"2026-01-08T10:46:17","modified_gmt":"2026-01-08T09:46:17","slug":"contact-us","status":"publish","type":"page","link":"https:\/\/luteciamg.le-collectif-freelance.com\/en\/contact-us\/","title":{"rendered":"Contact us"},"content":{"rendered":"<p>[et_pb_section fb_built=&#8221;1&#8243; _builder_version=&#8221;4.27.2&#8243; _module_preset=&#8221;default&#8221; custom_padding=&#8221;0px||0px||true|false&#8221; da_disable_devices=&#8221;off|off|off&#8221; global_colors_info=&#8221;{}&#8221; da_is_popup=&#8221;off&#8221; da_exit_intent=&#8221;off&#8221; da_has_close=&#8221;on&#8221; da_alt_close=&#8221;off&#8221; da_dark_close=&#8221;off&#8221; da_not_modal=&#8221;on&#8221; da_is_singular=&#8221;off&#8221; da_with_loader=&#8221;off&#8221; da_has_shadow=&#8221;on&#8221;][et_pb_row custom_padding_last_edited=&#8221;on|tablet&#8221; _builder_version=&#8221;4.27.4&#8243; _module_preset=&#8221;default&#8221; background_color=&#8221;#F1ECE0&#8243; width=&#8221;96%&#8221; custom_padding=&#8221;80px||80px||true|false&#8221; custom_padding_tablet=&#8221;80px|10px|80px|10px|true|true&#8221; custom_padding_phone=&#8221;80px|10px|80px|10px|true|true&#8221; global_colors_info=&#8221;{}&#8221;][et_pb_column type=&#8221;4_4&#8243; _builder_version=&#8221;4.27.2&#8243; _module_preset=&#8221;default&#8221; global_colors_info=&#8221;{}&#8221;][et_pb_text _builder_version=&#8221;4.27.4&#8243; _module_preset=&#8221;default&#8221; header_text_color=&#8221;#8EADAE&#8221; background_color=&#8221;#FFFFFF&#8221; text_orientation=&#8221;center&#8221; max_width=&#8221;700px&#8221; module_alignment=&#8221;center&#8221; custom_margin=&#8221;||0px||false|false&#8221; custom_padding=&#8221;60px||0px||false|false&#8221; custom_padding_tablet=&#8221;60px||0px||false|false&#8221; custom_padding_phone=&#8221;50px||||false|false&#8221; custom_padding_last_edited=&#8221;on|phone&#8221; border_radii=&#8221;off|10px|10px||&#8221; global_colors_info=&#8221;{}&#8221;]<\/p>\n<h1>Contact Us<\/h1>\n<p>[\/et_pb_text][et_pb_contact_form use_spam_service=&#8221;on&#8221; recaptcha_list=&#8221;Lutecia|Lutecia-0&#8243; success_message=&#8221;<\/p>\n<p><strong>Merci pour votre message !<\/strong><\/p>\n<p>Nous avons bien re\u00e7u votre demande et vous remercions de nous avoir contact\u00e9s. Notre \u00e9quipe s\u2019efforcera de vous r\u00e9pondre dans les plus brefs d\u00e9lais.<\/p>\n<p>\u00c0 tr\u00e8s bient\u00f4t,<br \/>L\u2019\u00e9quipe Dr Feel Good<\/p>\n<p>&#8221; submit_button_text=&#8221;Send&#8221; _builder_version=&#8221;4.27.5&#8243; _module_preset=&#8221;default&#8221; _unique_id=&#8221;c6a4e59c-dbcd-49bb-9aa2-ae1cc154234e&#8221; form_field_background_color=&#8221;#FFFFFF&#8221; form_field_text_color=&#8221;#000000&#8243; form_field_font_size=&#8221;16px&#8221; background_color=&#8221;#FFFFFF&#8221; custom_button=&#8221;on&#8221; button_text_size=&#8221;18px&#8221; button_text_color=&#8221;#FFFFFF&#8221; button_bg_color=&#8221;#082F37&#8243; button_border_radius=&#8221;10px&#8221; button_font=&#8221;|700|||||||&#8221; button_use_icon=&#8221;off&#8221; max_width=&#8221;700px&#8221; module_alignment=&#8221;center&#8221; custom_padding=&#8221;50px|60px|80px|60px|false|true&#8221; custom_padding_tablet=&#8221;50px|60px|80px|60px|false|true&#8221; custom_padding_phone=&#8221;52px|15px|50px|15px|false|true&#8221; custom_padding_last_edited=&#8221;on|desktop&#8221; hover_enabled=&#8221;0&#8243; use_conditional_emails=&#8221;on&#8221; conditional_email_pattern=&#8221;Objet::Become a distributor:nicolas.cherdronnet@ogeu.com|Join our team:rh@ogeu.com|Product claim:qualite@ogeu.com|Other inquiries:digital@ogeu.com&#8221; admin_email_subject=&#8221;Nouveau message provenant du site Lutecia&#8221; admin_email_from_name=&#8221;no-reply@luteciamg.le-collectif-freelance.com&#8221; submit_button_wait_text=&#8221;Envoi en cours&#8230;&#8221; border_radii=&#8221;on|10px|10px|10px|10px&#8221; border_width_all=&#8221;1px&#8221; border_color_all=&#8221;rgba(8,47,55,0.14)&#8221; locked=&#8221;off&#8221; global_colors_info=&#8221;{}&#8221; use_custom_message_richtext=&#8221;on&#8221; custom_message_richtext=&#8221;Nouveau message provenant du site luteciamg.le-collectif-freelance.com<\/p>\n<p><strong>Nom :<\/strong> %%Nom%%<br \/>\n<strong>Pr\u00e9nom :<\/strong> %%Pr\u00e9nom%%<br \/>\n<strong>Email :<\/strong> %%Email%%<br \/>\n<strong>T\u00e9l\u00e9phone :<\/strong> %%T\u00e9l\u00e9phone%%<\/p>\n<p><strong>Objet :<\/strong> %%Objet%%<\/p>\n<p><strong>Message :<\/strong><br \/>\n%%Message%%&#8221; sticky_enabled=&#8221;0&#8243;][et_pb_contact_field field_id=&#8221;Nom&#8221; field_title=&#8221;Last name&#8221; _builder_version=&#8221;4.27.4&#8243; _module_preset=&#8221;default&#8221; field_placeholder=&#8221;Nom&#8221; global_colors_info=&#8221;{}&#8221;][\/et_pb_contact_field][et_pb_contact_field field_id=&#8221;Pr\u00e9nom&#8221; field_title=&#8221;First name&#8221; _builder_version=&#8221;4.27.4&#8243; _module_preset=&#8221;default&#8221; field_placeholder=&#8221;Pr\u00e9nom&#8221; global_colors_info=&#8221;{}&#8221;][\/et_pb_contact_field][et_pb_contact_field field_id=&#8221;Email&#8221; field_title=&#8221;Email&#8221; field_type=&#8221;email&#8221; _builder_version=&#8221;4.27.4&#8243; _module_preset=&#8221;default&#8221; field_placeholder=&#8221;Email&#8221; global_colors_info=&#8221;{}&#8221;][\/et_pb_contact_field][et_pb_contact_field field_id=&#8221;T\u00e9l\u00e9phone&#8221; field_title=&#8221;Phone&#8221; _builder_version=&#8221;4.27.4&#8243; _module_preset=&#8221;default&#8221; field_placeholder=&#8221;T\u00e9l\u00e9phone&#8221; global_colors_info=&#8221;{}&#8221;][\/et_pb_contact_field][et_pb_contact_field field_id=&#8221;Objet&#8221; field_title=&#8221;Subject&#8221; field_type=&#8221;select&#8221; select_options=&#8221;%91{%22value%22:%22Become a distributor%22,%22checked%22:0,%22dragID%22:-1},{%22value%22:%22Join our team%22,%22checked%22:0,%22dragID%22:0},{%22value%22:%22Product claim%22,%22checked%22:0,%22dragID%22:1},{%22value%22:%22Other inquiries%22,%22checked%22:0,%22dragID%22:2}%93&#8243; fullwidth_field=&#8221;on&#8221; _builder_version=&#8221;4.27.4&#8243; _module_preset=&#8221;default&#8221; field_placeholder=&#8221;Objet&#8221; global_colors_info=&#8221;{}&#8221;][\/et_pb_contact_field][et_pb_contact_field field_id=&#8221;Message&#8221; field_title=&#8221;Message&#8221; field_type=&#8221;text&#8221; fullwidth_field=&#8221;on&#8221; _builder_version=&#8221;4.27.4&#8243; _module_preset=&#8221;default&#8221; field_placeholder=&#8221;Message&#8221; global_colors_info=&#8221;{}&#8221;][\/et_pb_contact_field][\/et_pb_contact_form][\/et_pb_column][\/et_pb_row][\/et_pb_section][et_pb_section fb_built=&#8221;1&#8243; disabled_on=&#8221;off|off|off&#8221; _builder_version=&#8221;4.27.4&#8243; _module_preset=&#8221;default&#8221; background_enable_color=&#8221;off&#8221; custom_padding=&#8221;70px||0px|||&#8221; da_disable_devices=&#8221;off|off|off&#8221; global_colors_info=&#8221;{}&#8221; da_is_popup=&#8221;off&#8221; da_exit_intent=&#8221;off&#8221; da_has_close=&#8221;on&#8221; da_alt_close=&#8221;off&#8221; da_dark_close=&#8221;off&#8221; da_not_modal=&#8221;on&#8221; da_is_singular=&#8221;off&#8221; da_with_loader=&#8221;off&#8221; da_has_shadow=&#8221;on&#8221;][et_pb_row _builder_version=&#8221;4.27.4&#8243; _module_preset=&#8221;default&#8221; background_enable_color=&#8221;off&#8221; width=&#8221;90%&#8221; custom_padding=&#8221;0px||0px|||&#8221; animation_style=&#8221;slide&#8221; animation_direction=&#8221;top&#8221; animation_intensity_slide=&#8221;2%&#8221; global_colors_info=&#8221;{}&#8221;][et_pb_column type=&#8221;4_4&#8243; _builder_version=&#8221;4.27.4&#8243; _module_preset=&#8221;default&#8221; global_colors_info=&#8221;{}&#8221;][\/et_pb_column][\/et_pb_row][\/et_pb_section]<\/p>\n","protected":false},"excerpt":{"rendered":"<p>Contact Us<\/p>\n","protected":false},"author":2,"featured_media":0,"parent":0,"menu_order":0,"comment_status":"closed","ping_status":"closed","template":"","meta":{"_et_pb_use_builder":"on","_et_pb_old_content":"","_et_gb_content_width":"","footnotes":""},"class_list":["post-8406","page","type-page","status-publish","hentry"],"yoast_head":"<!-- This site is optimized with the Yoast SEO plugin v27.3 - https:\/\/yoast.com\/product\/yoast-seo-wordpress\/ -->\n<title>Contact us<\/title>\n<meta name=\"description\" content=\"Contact us\" \/>\n<meta name=\"robots\" content=\"index, follow, max-snippet:-1, max-image-preview:large, max-video-preview:-1\" \/>\n<link rel=\"canonical\" href=\"https:\/\/luteciamg.le-collectif-freelance.com\/en\/contact-us\/\" \/>\n<meta property=\"og:locale\" content=\"en_US\" \/>\n<meta property=\"og:type\" content=\"article\" \/>\n<meta property=\"og:title\" content=\"Contact us\" \/>\n<meta property=\"og:description\" content=\"Contact us\" \/>\n<meta property=\"og:url\" content=\"https:\/\/luteciamg.le-collectif-freelance.com\/en\/contact-us\/\" \/>\n<meta property=\"og:site_name\" content=\"Lut\u00e9cia\" \/>\n<meta property=\"article:publisher\" content=\"https:\/\/www.facebook.com\/eaulutecia\/?locale=fr_FR\" \/>\n<meta property=\"article:modified_time\" content=\"2026-01-08T09:46:17+00:00\" \/>\n<meta name=\"twitter:card\" content=\"summary_large_image\" \/>\n<meta name=\"twitter:label1\" content=\"Est. reading time\" \/>\n\t<meta name=\"twitter:data1\" content=\"1 minute\" \/>\n<script type=\"application\/ld+json\" class=\"yoast-schema-graph\">{\"@context\":\"https:\\\/\\\/schema.org\",\"@graph\":[{\"@type\":\"WebPage\",\"@id\":\"https:\\\/\\\/luteciamg.le-collectif-freelance.com\\\/en\\\/contact-us\\\/\",\"url\":\"https:\\\/\\\/luteciamg.le-collectif-freelance.com\\\/en\\\/contact-us\\\/\",\"name\":\"Contact us\",\"isPartOf\":{\"@id\":\"https:\\\/\\\/luteciamg.le-collectif-freelance.com\\\/en\\\/#website\"},\"datePublished\":\"2024-10-07T12:46:47+00:00\",\"dateModified\":\"2026-01-08T09:46:17+00:00\",\"description\":\"Contact us\",\"breadcrumb\":{\"@id\":\"https:\\\/\\\/luteciamg.le-collectif-freelance.com\\\/en\\\/contact-us\\\/#breadcrumb\"},\"inLanguage\":\"en-US\",\"potentialAction\":[{\"@type\":\"ReadAction\",\"target\":[\"https:\\\/\\\/luteciamg.le-collectif-freelance.com\\\/en\\\/contact-us\\\/\"]}]},{\"@type\":\"BreadcrumbList\",\"@id\":\"https:\\\/\\\/luteciamg.le-collectif-freelance.com\\\/en\\\/contact-us\\\/#breadcrumb\",\"itemListElement\":[{\"@type\":\"ListItem\",\"position\":1,\"name\":\"Accueil\",\"item\":\"https:\\\/\\\/luteciamg.le-collectif-freelance.com\\\/en\\\/\"},{\"@type\":\"ListItem\",\"position\":2,\"name\":\"Contact us\"}]},{\"@type\":\"WebSite\",\"@id\":\"https:\\\/\\\/luteciamg.le-collectif-freelance.com\\\/en\\\/#website\",\"url\":\"https:\\\/\\\/luteciamg.le-collectif-freelance.com\\\/en\\\/\",\"name\":\"Lut\u00e9cia\",\"description\":\"Eau min\u00e9rale naturelle\",\"publisher\":{\"@id\":\"https:\\\/\\\/luteciamg.le-collectif-freelance.com\\\/en\\\/#organization\"},\"potentialAction\":[{\"@type\":\"SearchAction\",\"target\":{\"@type\":\"EntryPoint\",\"urlTemplate\":\"https:\\\/\\\/luteciamg.le-collectif-freelance.com\\\/en\\\/?s={search_term_string}\"},\"query-input\":{\"@type\":\"PropertyValueSpecification\",\"valueRequired\":true,\"valueName\":\"search_term_string\"}}],\"inLanguage\":\"en-US\"},{\"@type\":\"Organization\",\"@id\":\"https:\\\/\\\/luteciamg.le-collectif-freelance.com\\\/en\\\/#organization\",\"name\":\"Lut\u00e9cia\",\"url\":\"https:\\\/\\\/luteciamg.le-collectif-freelance.com\\\/en\\\/\",\"logo\":{\"@type\":\"ImageObject\",\"inLanguage\":\"en-US\",\"@id\":\"https:\\\/\\\/luteciamg.le-collectif-freelance.com\\\/en\\\/#\\\/schema\\\/logo\\\/image\\\/\",\"url\":\"https:\\\/\\\/luteciamg.le-collectif-freelance.com\\\/wp-content\\\/uploads\\\/2024\\\/10\\\/Logo-Lutecia-noir.png\",\"contentUrl\":\"https:\\\/\\\/luteciamg.le-collectif-freelance.com\\\/wp-content\\\/uploads\\\/2024\\\/10\\\/Logo-Lutecia-noir.png\",\"width\":1000,\"height\":217,\"caption\":\"Lut\u00e9cia\"},\"image\":{\"@id\":\"https:\\\/\\\/luteciamg.le-collectif-freelance.com\\\/en\\\/#\\\/schema\\\/logo\\\/image\\\/\"},\"sameAs\":[\"https:\\\/\\\/www.facebook.com\\\/eaulutecia\\\/?locale=fr_FR\"]}]}<\/script>\n<!-- \/ Yoast SEO plugin. -->","yoast_head_json":{"title":"Contact us","description":"Contact us","robots":{"index":"index","follow":"follow","max-snippet":"max-snippet:-1","max-image-preview":"max-image-preview:large","max-video-preview":"max-video-preview:-1"},"canonical":"https:\/\/luteciamg.le-collectif-freelance.com\/en\/contact-us\/","og_locale":"en_US","og_type":"article","og_title":"Contact us","og_description":"Contact us","og_url":"https:\/\/luteciamg.le-collectif-freelance.com\/en\/contact-us\/","og_site_name":"Lut\u00e9cia","article_publisher":"https:\/\/www.facebook.com\/eaulutecia\/?locale=fr_FR","article_modified_time":"2026-01-08T09:46:17+00:00","twitter_card":"summary_large_image","twitter_misc":{"Est. reading time":"1 minute"},"schema":{"@context":"https:\/\/schema.org","@graph":[{"@type":"WebPage","@id":"https:\/\/luteciamg.le-collectif-freelance.com\/en\/contact-us\/","url":"https:\/\/luteciamg.le-collectif-freelance.com\/en\/contact-us\/","name":"Contact us","isPartOf":{"@id":"https:\/\/luteciamg.le-collectif-freelance.com\/en\/#website"},"datePublished":"2024-10-07T12:46:47+00:00","dateModified":"2026-01-08T09:46:17+00:00","description":"Contact us","breadcrumb":{"@id":"https:\/\/luteciamg.le-collectif-freelance.com\/en\/contact-us\/#breadcrumb"},"inLanguage":"en-US","potentialAction":[{"@type":"ReadAction","target":["https:\/\/luteciamg.le-collectif-freelance.com\/en\/contact-us\/"]}]},{"@type":"BreadcrumbList","@id":"https:\/\/luteciamg.le-collectif-freelance.com\/en\/contact-us\/#breadcrumb","itemListElement":[{"@type":"ListItem","position":1,"name":"Accueil","item":"https:\/\/luteciamg.le-collectif-freelance.com\/en\/"},{"@type":"ListItem","position":2,"name":"Contact us"}]},{"@type":"WebSite","@id":"https:\/\/luteciamg.le-collectif-freelance.com\/en\/#website","url":"https:\/\/luteciamg.le-collectif-freelance.com\/en\/","name":"Lut\u00e9cia","description":"Eau min\u00e9rale naturelle","publisher":{"@id":"https:\/\/luteciamg.le-collectif-freelance.com\/en\/#organization"},"potentialAction":[{"@type":"SearchAction","target":{"@type":"EntryPoint","urlTemplate":"https:\/\/luteciamg.le-collectif-freelance.com\/en\/?s={search_term_string}"},"query-input":{"@type":"PropertyValueSpecification","valueRequired":true,"valueName":"search_term_string"}}],"inLanguage":"en-US"},{"@type":"Organization","@id":"https:\/\/luteciamg.le-collectif-freelance.com\/en\/#organization","name":"Lut\u00e9cia","url":"https:\/\/luteciamg.le-collectif-freelance.com\/en\/","logo":{"@type":"ImageObject","inLanguage":"en-US","@id":"https:\/\/luteciamg.le-collectif-freelance.com\/en\/#\/schema\/logo\/image\/","url":"https:\/\/luteciamg.le-collectif-freelance.com\/wp-content\/uploads\/2024\/10\/Logo-Lutecia-noir.png","contentUrl":"https:\/\/luteciamg.le-collectif-freelance.com\/wp-content\/uploads\/2024\/10\/Logo-Lutecia-noir.png","width":1000,"height":217,"caption":"Lut\u00e9cia"},"image":{"@id":"https:\/\/luteciamg.le-collectif-freelance.com\/en\/#\/schema\/logo\/image\/"},"sameAs":["https:\/\/www.facebook.com\/eaulutecia\/?locale=fr_FR"]}]}},"_links":{"self":[{"href":"https:\/\/luteciamg.le-collectif-freelance.com\/en\/wp-json\/wp\/v2\/pages\/8406","targetHints":{"allow":["GET"]}}],"collection":[{"href":"https:\/\/luteciamg.le-collectif-freelance.com\/en\/wp-json\/wp\/v2\/pages"}],"about":[{"href":"https:\/\/luteciamg.le-collectif-freelance.com\/en\/wp-json\/wp\/v2\/types\/page"}],"author":[{"embeddable":true,"href":"https:\/\/luteciamg.le-collectif-freelance.com\/en\/wp-json\/wp\/v2\/users\/2"}],"replies":[{"embeddable":true,"href":"https:\/\/luteciamg.le-collectif-freelance.com\/en\/wp-json\/wp\/v2\/comments?post=8406"}],"version-history":[{"count":5,"href":"https:\/\/luteciamg.le-collectif-freelance.com\/en\/wp-json\/wp\/v2\/pages\/8406\/revisions"}],"predecessor-version":[{"id":9112,"href":"https:\/\/luteciamg.le-collectif-freelance.com\/en\/wp-json\/wp\/v2\/pages\/8406\/revisions\/9112"}],"wp:attachment":[{"href":"https:\/\/luteciamg.le-collectif-freelance.com\/en\/wp-json\/wp\/v2\/media?parent=8406"}],"curies":[{"name":"wp","href":"https:\/\/api.w.org\/{rel}","templated":true}]}}