{"id":8458,"date":"2024-10-07T14:46:47","date_gmt":"2024-10-07T12:46:47","guid":{"rendered":"https:\/\/luteciamg.le-collectif-freelance.com\/nous-contacter\/"},"modified":"2026-01-08T10:48:08","modified_gmt":"2026-01-08T09:48:08","slug":"contacto","status":"publish","type":"page","link":"https:\/\/luteciamg.le-collectif-freelance.com\/es\/contacto\/","title":{"rendered":"CONTACTO"},"content":{"rendered":"<p>[et_pb_section fb_built=\u00bb1&#8243; _builder_version=\u00bb4.27.2&#8243; _module_preset=\u00bbdefault\u00bb custom_padding=\u00bb0px||0px||true|false\u00bb da_disable_devices=\u00bboff|off|off\u00bb global_colors_info=\u00bb{}\u00bb da_is_popup=\u00bboff\u00bb da_exit_intent=\u00bboff\u00bb da_has_close=\u00bbon\u00bb da_alt_close=\u00bboff\u00bb da_dark_close=\u00bboff\u00bb da_not_modal=\u00bbon\u00bb da_is_singular=\u00bboff\u00bb da_with_loader=\u00bboff\u00bb da_has_shadow=\u00bbon\u00bb][et_pb_row custom_padding_last_edited=\u00bbon|tablet\u00bb _builder_version=\u00bb4.27.4&#8243; _module_preset=\u00bbdefault\u00bb background_color=\u00bb#F1ECE0&#8243; width=\u00bb96%\u00bb custom_padding=\u00bb80px||80px||true|false\u00bb custom_padding_tablet=\u00bb80px|10px|80px|10px|true|true\u00bb custom_padding_phone=\u00bb80px|10px|80px|10px|true|true\u00bb global_colors_info=\u00bb{}\u00bb][et_pb_column type=\u00bb4_4&#8243; _builder_version=\u00bb4.27.2&#8243; _module_preset=\u00bbdefault\u00bb global_colors_info=\u00bb{}\u00bb][et_pb_text _builder_version=\u00bb4.27.4&#8243; _module_preset=\u00bbdefault\u00bb header_text_color=\u00bb#8EADAE\u00bb background_color=\u00bb#FFFFFF\u00bb text_orientation=\u00bbcenter\u00bb max_width=\u00bb700px\u00bb module_alignment=\u00bbcenter\u00bb custom_margin=\u00bb||0px||false|false\u00bb custom_padding=\u00bb60px||0px||false|false\u00bb custom_padding_tablet=\u00bb60px||0px||false|false\u00bb custom_padding_phone=\u00bb50px||||false|false\u00bb custom_padding_last_edited=\u00bbon|phone\u00bb border_radii=\u00bboff|10px|10px||\u00bb global_colors_info=\u00bb{}\u00bb]<\/p>\n<h1>Cont\u00e1ctanos<\/h1>\n<p>[\/et_pb_text][et_pb_contact_form use_spam_service=\u00bbon\u00bb recaptcha_list=\u00bbLutecia|Lutecia-0&#8243; success_message=\u00bb<\/p>\n<p><strong>Merci pour votre message !<\/strong><\/p>\n<p>Nous avons bien re\u00e7u votre demande et vous remercions de nous avoir contact\u00e9s. Notre \u00e9quipe s\u2019efforcera de vous r\u00e9pondre dans les plus brefs d\u00e9lais.<\/p>\n<p>\u00c0 tr\u00e8s bient\u00f4t,<br \/>L\u2019\u00e9quipe Dr Feel Good<\/p>\n<p>\u00bb submit_button_text=\u00bbEnviar\u00bb _builder_version=\u00bb4.27.5&#8243; _module_preset=\u00bbdefault\u00bb _unique_id=\u00bbc6a4e59c-dbcd-49bb-9aa2-ae1cc154234e\u00bb form_field_background_color=\u00bb#FFFFFF\u00bb form_field_text_color=\u00bb#000000&#8243; form_field_font_size=\u00bb16px\u00bb background_color=\u00bb#FFFFFF\u00bb custom_button=\u00bbon\u00bb button_text_size=\u00bb18px\u00bb button_text_color=\u00bb#FFFFFF\u00bb button_bg_color=\u00bb#082F37&#8243; button_border_radius=\u00bb10px\u00bb button_font=\u00bb|700|||||||\u00bb button_use_icon=\u00bboff\u00bb max_width=\u00bb700px\u00bb module_alignment=\u00bbcenter\u00bb custom_padding=\u00bb50px|60px|80px|60px|false|true\u00bb custom_padding_tablet=\u00bb50px|60px|80px|60px|false|true\u00bb custom_padding_phone=\u00bb52px|15px|50px|15px|false|true\u00bb custom_padding_last_edited=\u00bbon|desktop\u00bb hover_enabled=\u00bb0&#8243; use_conditional_emails=\u00bbon\u00bb conditional_email_pattern=\u00bbObjet::Distribuir nuestros productos:nicolas.cherdronnet@ogeu.com|Unirse a nuestro equipo:rh@ogeu.com|Reclamaci\u00f3n de producto:qualite@ogeu.com|Otras consultas:digital@ogeu.com\u00bb admin_email_subject=\u00bbNouveau message provenant du site Lutecia\u00bb admin_email_from_name=\u00bbno-reply@luteciamg.le-collectif-freelance.com\u00bb submit_button_wait_text=\u00bbEnvoi en cours&#8230;\u00bb border_radii=\u00bbon|10px|10px|10px|10px\u00bb border_width_all=\u00bb1px\u00bb border_color_all=\u00bbrgba(8,47,55,0.14)\u00bb locked=\u00bboff\u00bb global_colors_info=\u00bb{}\u00bb use_custom_message_richtext=\u00bbon\u00bb custom_message_richtext=\u00bb<\/p>\n<p>Nouveau message provenant du site luteciamg.le-collectif-freelance.com<\/p>\n<p><strong>Nom :<\/strong> %%Nom%%<br \/><strong>Pr\u00e9nom :<\/strong> %%Pr\u00e9nom%%<br \/><strong>Email :<\/strong> %%Email%%<br \/><strong>T\u00e9l\u00e9phone :<\/strong> %%T\u00e9l\u00e9phone%%<\/p>\n<p><strong>Objet :<\/strong> %%Objet%%<\/p>\n<p><strong>Message :<\/strong><br \/>%%Message%%<\/p>\n<p>\u00bb sticky_enabled=\u00bb0&#8243;][et_pb_contact_field field_id=\u00bbNom\u00bb field_title=\u00bbApellido\u00bb _builder_version=\u00bb4.27.4&#8243; _module_preset=\u00bbdefault\u00bb field_placeholder=\u00bbNom\u00bb global_colors_info=\u00bb{}\u00bb][\/et_pb_contact_field][et_pb_contact_field field_id=\u00bbPr\u00e9nom\u00bb field_title=\u00bbNombre\u00bb _builder_version=\u00bb4.27.4&#8243; _module_preset=\u00bbdefault\u00bb field_placeholder=\u00bbPr\u00e9nom\u00bb global_colors_info=\u00bb{}\u00bb][\/et_pb_contact_field][et_pb_contact_field field_id=\u00bbEmail\u00bb field_title=\u00bbEmail\u00bb field_type=\u00bbemail\u00bb _builder_version=\u00bb4.27.4&#8243; _module_preset=\u00bbdefault\u00bb field_placeholder=\u00bbEmail\u00bb global_colors_info=\u00bb{}\u00bb][\/et_pb_contact_field][et_pb_contact_field field_id=\u00bbT\u00e9l\u00e9phone\u00bb field_title=\u00bbN\u00famero de tel\u00e9fono\u00bb _builder_version=\u00bb4.27.4&#8243; _module_preset=\u00bbdefault\u00bb field_placeholder=\u00bbT\u00e9l\u00e9phone\u00bb global_colors_info=\u00bb{}\u00bb][\/et_pb_contact_field][et_pb_contact_field field_id=\u00bbObjet\u00bb field_title=\u00bbAsunto\u00bb field_type=\u00bbselect\u00bb select_options=\u00bb%91{%22value%22:%22Distribuir nuestros productos%22,%22checked%22:0,%22dragID%22:-1},{%22value%22:%22Unirse a nuestro equipo%22,%22checked%22:0,%22dragID%22:0},{%22value%22:%22Reclamaci\u00f3n de producto%22,%22checked%22:0,%22dragID%22:1},{%22value%22:%22Otras consultas%22,%22checked%22:0,%22dragID%22:2}%93&#8243; fullwidth_field=\u00bbon\u00bb _builder_version=\u00bb4.27.4&#8243; _module_preset=\u00bbdefault\u00bb field_placeholder=\u00bbObjet\u00bb global_colors_info=\u00bb{}\u00bb][\/et_pb_contact_field][et_pb_contact_field field_id=\u00bbMessage\u00bb field_title=\u00bbMensaje\u00bb field_type=\u00bbtext\u00bb fullwidth_field=\u00bbon\u00bb _builder_version=\u00bb4.27.4&#8243; _module_preset=\u00bbdefault\u00bb field_placeholder=\u00bbMessage\u00bb global_colors_info=\u00bb{}\u00bb][\/et_pb_contact_field][\/et_pb_contact_form][\/et_pb_column][\/et_pb_row][\/et_pb_section][et_pb_section fb_built=\u00bb1&#8243; disabled_on=\u00bboff|off|off\u00bb _builder_version=\u00bb4.27.4&#8243; _module_preset=\u00bbdefault\u00bb background_enable_color=\u00bboff\u00bb custom_padding=\u00bb70px||0px|||\u00bb da_disable_devices=\u00bboff|off|off\u00bb global_colors_info=\u00bb{}\u00bb da_is_popup=\u00bboff\u00bb da_exit_intent=\u00bboff\u00bb da_has_close=\u00bbon\u00bb da_alt_close=\u00bboff\u00bb da_dark_close=\u00bboff\u00bb da_not_modal=\u00bbon\u00bb da_is_singular=\u00bboff\u00bb da_with_loader=\u00bboff\u00bb da_has_shadow=\u00bbon\u00bb][et_pb_row _builder_version=\u00bb4.27.4&#8243; _module_preset=\u00bbdefault\u00bb background_enable_color=\u00bboff\u00bb width=\u00bb90%\u00bb custom_padding=\u00bb0px||0px|||\u00bb animation_style=\u00bbslide\u00bb animation_direction=\u00bbtop\u00bb animation_intensity_slide=\u00bb2%\u00bb global_colors_info=\u00bb{}\u00bb][et_pb_column type=\u00bb4_4&#8243; _builder_version=\u00bb4.27.4&#8243; _module_preset=\u00bbdefault\u00bb global_colors_info=\u00bb{}\u00bb][\/et_pb_column][\/et_pb_row][\/et_pb_section]<\/p>\n","protected":false},"excerpt":{"rendered":"<p>Cont\u00e1ctanos<\/p>\n","protected":false},"author":2,"featured_media":0,"parent":0,"menu_order":0,"comment_status":"closed","ping_status":"closed","template":"","meta":{"_et_pb_use_builder":"on","_et_pb_old_content":"","_et_gb_content_width":"","footnotes":""},"class_list":["post-8458","page","type-page","status-publish","hentry"],"yoast_head":"<!-- This site is optimized with the Yoast SEO plugin v27.3 - https:\/\/yoast.com\/product\/yoast-seo-wordpress\/ -->\n<title>CONTACTO<\/title>\n<meta name=\"description\" content=\"Cont\u00e1ctanos\" \/>\n<meta name=\"robots\" content=\"index, follow, max-snippet:-1, max-image-preview:large, max-video-preview:-1\" \/>\n<link rel=\"canonical\" href=\"https:\/\/luteciamg.le-collectif-freelance.com\/es\/contacto\/\" \/>\n<meta property=\"og:locale\" content=\"es_ES\" \/>\n<meta property=\"og:type\" content=\"article\" \/>\n<meta property=\"og:title\" content=\"CONTACTO\" \/>\n<meta property=\"og:description\" content=\"Cont\u00e1ctanos\" \/>\n<meta property=\"og:url\" content=\"https:\/\/luteciamg.le-collectif-freelance.com\/es\/contacto\/\" \/>\n<meta property=\"og:site_name\" content=\"Lut\u00e9cia\" \/>\n<meta property=\"article:publisher\" content=\"https:\/\/www.facebook.com\/eaulutecia\/?locale=fr_FR\" \/>\n<meta property=\"article:modified_time\" content=\"2026-01-08T09:48:08+00:00\" \/>\n<meta name=\"twitter:card\" content=\"summary_large_image\" \/>\n<meta name=\"twitter:label1\" content=\"Tiempo de lectura\" \/>\n\t<meta name=\"twitter:data1\" content=\"1 minuto\" \/>\n<script type=\"application\/ld+json\" class=\"yoast-schema-graph\">{\"@context\":\"https:\\\/\\\/schema.org\",\"@graph\":[{\"@type\":\"WebPage\",\"@id\":\"https:\\\/\\\/luteciamg.le-collectif-freelance.com\\\/es\\\/contacto\\\/\",\"url\":\"https:\\\/\\\/luteciamg.le-collectif-freelance.com\\\/es\\\/contacto\\\/\",\"name\":\"CONTACTO\",\"isPartOf\":{\"@id\":\"https:\\\/\\\/luteciamg.le-collectif-freelance.com\\\/es\\\/#website\"},\"datePublished\":\"2024-10-07T12:46:47+00:00\",\"dateModified\":\"2026-01-08T09:48:08+00:00\",\"description\":\"Cont\u00e1ctanos\",\"breadcrumb\":{\"@id\":\"https:\\\/\\\/luteciamg.le-collectif-freelance.com\\\/es\\\/contacto\\\/#breadcrumb\"},\"inLanguage\":\"es\",\"potentialAction\":[{\"@type\":\"ReadAction\",\"target\":[\"https:\\\/\\\/luteciamg.le-collectif-freelance.com\\\/es\\\/contacto\\\/\"]}]},{\"@type\":\"BreadcrumbList\",\"@id\":\"https:\\\/\\\/luteciamg.le-collectif-freelance.com\\\/es\\\/contacto\\\/#breadcrumb\",\"itemListElement\":[{\"@type\":\"ListItem\",\"position\":1,\"name\":\"Accueil\",\"item\":\"https:\\\/\\\/luteciamg.le-collectif-freelance.com\\\/es\\\/\"},{\"@type\":\"ListItem\",\"position\":2,\"name\":\"CONTACTO\"}]},{\"@type\":\"WebSite\",\"@id\":\"https:\\\/\\\/luteciamg.le-collectif-freelance.com\\\/es\\\/#website\",\"url\":\"https:\\\/\\\/luteciamg.le-collectif-freelance.com\\\/es\\\/\",\"name\":\"Lut\u00e9cia\",\"description\":\"Eau min\u00e9rale naturelle\",\"publisher\":{\"@id\":\"https:\\\/\\\/luteciamg.le-collectif-freelance.com\\\/es\\\/#organization\"},\"potentialAction\":[{\"@type\":\"SearchAction\",\"target\":{\"@type\":\"EntryPoint\",\"urlTemplate\":\"https:\\\/\\\/luteciamg.le-collectif-freelance.com\\\/es\\\/?s={search_term_string}\"},\"query-input\":{\"@type\":\"PropertyValueSpecification\",\"valueRequired\":true,\"valueName\":\"search_term_string\"}}],\"inLanguage\":\"es\"},{\"@type\":\"Organization\",\"@id\":\"https:\\\/\\\/luteciamg.le-collectif-freelance.com\\\/es\\\/#organization\",\"name\":\"Lut\u00e9cia\",\"url\":\"https:\\\/\\\/luteciamg.le-collectif-freelance.com\\\/es\\\/\",\"logo\":{\"@type\":\"ImageObject\",\"inLanguage\":\"es\",\"@id\":\"https:\\\/\\\/luteciamg.le-collectif-freelance.com\\\/es\\\/#\\\/schema\\\/logo\\\/image\\\/\",\"url\":\"https:\\\/\\\/luteciamg.le-collectif-freelance.com\\\/wp-content\\\/uploads\\\/2024\\\/10\\\/Logo-Lutecia-noir.png\",\"contentUrl\":\"https:\\\/\\\/luteciamg.le-collectif-freelance.com\\\/wp-content\\\/uploads\\\/2024\\\/10\\\/Logo-Lutecia-noir.png\",\"width\":1000,\"height\":217,\"caption\":\"Lut\u00e9cia\"},\"image\":{\"@id\":\"https:\\\/\\\/luteciamg.le-collectif-freelance.com\\\/es\\\/#\\\/schema\\\/logo\\\/image\\\/\"},\"sameAs\":[\"https:\\\/\\\/www.facebook.com\\\/eaulutecia\\\/?locale=fr_FR\"]}]}<\/script>\n<!-- \/ Yoast SEO plugin. -->","yoast_head_json":{"title":"CONTACTO","description":"Cont\u00e1ctanos","robots":{"index":"index","follow":"follow","max-snippet":"max-snippet:-1","max-image-preview":"max-image-preview:large","max-video-preview":"max-video-preview:-1"},"canonical":"https:\/\/luteciamg.le-collectif-freelance.com\/es\/contacto\/","og_locale":"es_ES","og_type":"article","og_title":"CONTACTO","og_description":"Cont\u00e1ctanos","og_url":"https:\/\/luteciamg.le-collectif-freelance.com\/es\/contacto\/","og_site_name":"Lut\u00e9cia","article_publisher":"https:\/\/www.facebook.com\/eaulutecia\/?locale=fr_FR","article_modified_time":"2026-01-08T09:48:08+00:00","twitter_card":"summary_large_image","twitter_misc":{"Tiempo de lectura":"1 minuto"},"schema":{"@context":"https:\/\/schema.org","@graph":[{"@type":"WebPage","@id":"https:\/\/luteciamg.le-collectif-freelance.com\/es\/contacto\/","url":"https:\/\/luteciamg.le-collectif-freelance.com\/es\/contacto\/","name":"CONTACTO","isPartOf":{"@id":"https:\/\/luteciamg.le-collectif-freelance.com\/es\/#website"},"datePublished":"2024-10-07T12:46:47+00:00","dateModified":"2026-01-08T09:48:08+00:00","description":"Cont\u00e1ctanos","breadcrumb":{"@id":"https:\/\/luteciamg.le-collectif-freelance.com\/es\/contacto\/#breadcrumb"},"inLanguage":"es","potentialAction":[{"@type":"ReadAction","target":["https:\/\/luteciamg.le-collectif-freelance.com\/es\/contacto\/"]}]},{"@type":"BreadcrumbList","@id":"https:\/\/luteciamg.le-collectif-freelance.com\/es\/contacto\/#breadcrumb","itemListElement":[{"@type":"ListItem","position":1,"name":"Accueil","item":"https:\/\/luteciamg.le-collectif-freelance.com\/es\/"},{"@type":"ListItem","position":2,"name":"CONTACTO"}]},{"@type":"WebSite","@id":"https:\/\/luteciamg.le-collectif-freelance.com\/es\/#website","url":"https:\/\/luteciamg.le-collectif-freelance.com\/es\/","name":"Lut\u00e9cia","description":"Eau min\u00e9rale naturelle","publisher":{"@id":"https:\/\/luteciamg.le-collectif-freelance.com\/es\/#organization"},"potentialAction":[{"@type":"SearchAction","target":{"@type":"EntryPoint","urlTemplate":"https:\/\/luteciamg.le-collectif-freelance.com\/es\/?s={search_term_string}"},"query-input":{"@type":"PropertyValueSpecification","valueRequired":true,"valueName":"search_term_string"}}],"inLanguage":"es"},{"@type":"Organization","@id":"https:\/\/luteciamg.le-collectif-freelance.com\/es\/#organization","name":"Lut\u00e9cia","url":"https:\/\/luteciamg.le-collectif-freelance.com\/es\/","logo":{"@type":"ImageObject","inLanguage":"es","@id":"https:\/\/luteciamg.le-collectif-freelance.com\/es\/#\/schema\/logo\/image\/","url":"https:\/\/luteciamg.le-collectif-freelance.com\/wp-content\/uploads\/2024\/10\/Logo-Lutecia-noir.png","contentUrl":"https:\/\/luteciamg.le-collectif-freelance.com\/wp-content\/uploads\/2024\/10\/Logo-Lutecia-noir.png","width":1000,"height":217,"caption":"Lut\u00e9cia"},"image":{"@id":"https:\/\/luteciamg.le-collectif-freelance.com\/es\/#\/schema\/logo\/image\/"},"sameAs":["https:\/\/www.facebook.com\/eaulutecia\/?locale=fr_FR"]}]}},"_links":{"self":[{"href":"https:\/\/luteciamg.le-collectif-freelance.com\/es\/wp-json\/wp\/v2\/pages\/8458","targetHints":{"allow":["GET"]}}],"collection":[{"href":"https:\/\/luteciamg.le-collectif-freelance.com\/es\/wp-json\/wp\/v2\/pages"}],"about":[{"href":"https:\/\/luteciamg.le-collectif-freelance.com\/es\/wp-json\/wp\/v2\/types\/page"}],"author":[{"embeddable":true,"href":"https:\/\/luteciamg.le-collectif-freelance.com\/es\/wp-json\/wp\/v2\/users\/2"}],"replies":[{"embeddable":true,"href":"https:\/\/luteciamg.le-collectif-freelance.com\/es\/wp-json\/wp\/v2\/comments?post=8458"}],"version-history":[{"count":4,"href":"https:\/\/luteciamg.le-collectif-freelance.com\/es\/wp-json\/wp\/v2\/pages\/8458\/revisions"}],"predecessor-version":[{"id":9114,"href":"https:\/\/luteciamg.le-collectif-freelance.com\/es\/wp-json\/wp\/v2\/pages\/8458\/revisions\/9114"}],"wp:attachment":[{"href":"https:\/\/luteciamg.le-collectif-freelance.com\/es\/wp-json\/wp\/v2\/media?parent=8458"}],"curies":[{"name":"wp","href":"https:\/\/api.w.org\/{rel}","templated":true}]}}